{"id":3817,"date":"2019-11-08T10:56:09","date_gmt":"2019-11-08T09:56:09","guid":{"rendered":"https:\/\/cozytouch.fr\/?page_id=3817"},"modified":"2019-11-08T14:14:30","modified_gmt":"2019-11-08T13:14:30","slug":"general-conditions","status":"publish","type":"page","link":"https:\/\/cozytouch-app.com\/pl\/general-conditions\/","title":{"rendered":"Og\u00f3lne warunki handlowe"},"content":{"rendered":"<h2>Og\u00f3lne warunki u\u017cytkowania - Cozytouch<\/h2>\n<p>THERMOR, ATLANTIC i EDESA s\u0105 markami GROUPE ATLANTIC.<\/p>\n<p>Korzystanie z aplikacji COZYTOUCH (\"Aplikacja\") podlega niniejszym og\u00f3lnym warunkom u\u017cytkowania. Ka\u017cda osoba lub podmiot (\"U\u017cytkownik\"), kt\u00f3ry uzyskuje dost\u0119p do Aplikacji i jej zawarto\u015bci z jakiegokolwiek powodu, jest automatycznie, w pe\u0142ni i bez zastrze\u017ce\u0144 zwi\u0105zany niniejszymi warunkami. Samo poruszanie si\u0119 po Aplikacji lub korzystanie z niej oznacza pe\u0142n\u0105 akceptacj\u0119 niniejszych warunk\u00f3w.<\/p>\n<p>GROUPE ATLANTIC, kt\u00f3ra udost\u0119pnia Aplikacj\u0119, zastrzega sobie prawo do zmiany niniejszych warunk\u00f3w u\u017cytkowania w dowolnym momencie wed\u0142ug w\u0142asnego uznania, bez powiadomienia. Wszelkie zmiany niniejszych warunk\u00f3w wejd\u0105 w \u017cycie z chwil\u0105 ich opublikowania w Internecie.<\/p>\n<p>Dost\u0119p do Aplikacji mo\u017ce zosta\u0107 przerwany, zawieszony lub zmieniony w dowolnym momencie bez powiadomienia z powodu konserwacji lub z jakiegokolwiek innego powodu. U\u017cytkownik zobowi\u0105zuje si\u0119 nie \u017c\u0105da\u0107 \u017cadnego odszkodowania w zwi\u0105zku z przerwaniem, zawieszeniem lub zmian\u0105 niniejszych warunk\u00f3w.<\/p>\n<p>Ochrona prywatno\u015bci i danych osobowych u\u017cytkownik\u00f3w jest r\u00f3wnie\u017c jedn\u0105 z naszych g\u0142\u00f3wnych trosk.<\/p>\n<p>Poniewa\u017c Aplikacja umo\u017cliwia U\u017cytkownikom kontrolowanie produkt\u00f3w GROUPE ATLANTIC za po\u015brednictwem ich urz\u0105dze\u0144 mobilnych, niniejsze warunki opisuj\u0105 r\u00f3wnie\u017c informacje gromadzone i przechowywane przez GROUPE ATLANTIC oraz wyja\u015bniaj\u0105, w jaki spos\u00f3b wykorzystywane s\u0105 informacje gromadzone w wyniku korzystania z Aplikacji.<\/p>\n<h3>Wydawca odpowiedzialny<\/h3>\n<p>Zgodnie z niniejszymi warunkami og\u00f3lnymi, niniejsza Aplikacja jest dostarczana przez:<\/p>\n<p><strong>Atlantic Soci\u00e9t\u00e9 Fran\u00e7aise de D\u00e9veloppement Thermique <\/strong><\/p>\n<p>Rejestr Handlu i Sp\u00f3\u0142ek: RCS La Roche Sur Yon 562 053 173<\/p>\n<p>44 boulevard des Etats-Unis, 85 000 La Roche Sur Yon, Francja<\/p>\n<p>&nbsp;<\/p>\n<p><em>Zwana dalej \"GROUPE ATLANTIC\"<\/em><\/p>\n<p>GROUPE ATLANTIC jest r\u00f3wnie\u017c administratorem danych osobowych i okre\u015bla, w jakim celu i w jaki spos\u00f3b dane osobowe s\u0105 wykorzystywane.<\/p>\n<h3>Czujno\u015b\u0107 i bezpiecze\u0144stwo osobiste<\/h3>\n<p>W CELU OCHRONY TO\u017bSAMO\u015aCI U\u017bYTKOWNIKA W APLIKACJI, GROUPE ATLANTIC ZDECYDOWANIE ZALECA ZACHOWANIE PE\u0141NEJ POUFNO\u015aCI HAS\u0141A I U\u017bYWANIE HAS\u0141A TRUDNEGO DO ODGADNI\u0118CIA (NA PRZYK\u0141AD HAS\u0141A ZAWIERAJ\u0104CEGO ZAR\u00d3WNO LITERY, JAK I CYFRY I NIEPODOBNEGO W \u017bADEN SPOS\u00d3B DO NAZWY U\u017bYTKOWNIKA). GROUPE ATLANTIC NIGDY NIE SKONTAKTUJE SI\u0118 Z U\u017bYTKOWNIKIEM, ABY POPROSI\u0106 GO O PODANIE HAS\u0141A.<\/p>\n<h3>Obowi\u0105zki, o\u015bwiadczenia, umowy i zgody<\/h3>\n<p>Ka\u017cdy u\u017cytkownik aplikacji:<\/p>\n<ul>\n<li>zobowi\u0105zuje si\u0119 do przestrzegania niniejszych warunk\u00f3w og\u00f3lnych oraz obowi\u0105zuj\u0105cych przepis\u00f3w prawa i regulacji podczas korzystania z Aplikacji,<\/li>\n<li>ponosi pe\u0142n\u0105 odpowiedzialno\u015b\u0107 za sprawdzenie informacji, kt\u00f3re podaje w Aplikacji,<\/li>\n<li>ponosi pe\u0142n\u0105 odpowiedzialno\u015b\u0107 za bezpo\u015brednie lub po\u015brednie konsekwencje korzystania z Aplikacji, niezale\u017cnie od ich charakteru.<\/li>\n<\/ul>\n<p>Ka\u017cdy U\u017cytkownik chroni GROUPE ATLANTIC przed wszelkimi skargami, roszczeniami, dzia\u0142aniami i\/lub \u017c\u0105daniami, kt\u00f3rym GROUPE ATLANTIC mo\u017ce podlega\u0107 z powodu naruszenia kt\u00f3regokolwiek z postanowie\u0144 niniejszych og\u00f3lnych warunk\u00f3w i zobowi\u0105zuje si\u0119 zwolni\u0107 GROUPE ATLANTIC z odpowiedzialno\u015bci za wszelkie straty, kt\u00f3re mo\u017ce ponie\u015b\u0107, oraz pokry\u0107 wszelkie koszty, wydatki i\/lub kary, kt\u00f3re mo\u017ce ponie\u015b\u0107 w wyniku tego, w tym koszty obs\u0142ugi prawnej.<\/p>\n<p>U\u017cytkownik zostaje niniejszym poinformowany i przyjmuje do wiadomo\u015bci, \u017ce w przypadku naruszenia kt\u00f3regokolwiek z postanowie\u0144 niniejszych warunk\u00f3w og\u00f3lnych lub naruszenia obowi\u0105zuj\u0105cych przepis\u00f3w ustawowych i wykonawczych, GROUPE ATLANTIC zastrzega sobie prawo do:<\/p>\n<ul>\n<li>zawiesi\u0107 lub zako\u0144czy\u0107 dost\u0119p U\u017cytkownika do Aplikacji,<\/li>\n<li>podj\u0105\u0107 wszelkie odpowiednie \u015brodki i wszcz\u0105\u0107 post\u0119powanie s\u0105dowe,<\/li>\n<li>w stosownych przypadkach, ostrzega\u0107 w\u0142a\u015bciwe organy, wsp\u00f3\u0142pracowa\u0107 z nimi i przekazywa\u0107 im wszelkie informacje istotne dla identyfikacji i karania nielegalnych lub niezgodnych z prawem dzia\u0142a\u0144,<\/li>\n<li>usun\u0105\u0107 swoje konto COZYTOUCH, je\u015bli u\u017cytkownik opu\u015bci dom, z kt\u00f3rym konto jest powi\u0105zane.<\/li>\n<\/ul>\n<h3>Zabronione dzia\u0142ania i zachowania<\/h3>\n<p>Uzyskiwanie dost\u0119pu lub podejmowanie pr\u00f3b uzyskania dost\u0119pu do konta innego U\u017cytkownika jest zabronione. Podobnie, otwieranie konta COZYTOUCH dla domu, kt\u00f3rego u\u017cytkownik nie zajmuje, jest zabronione w zakresie, w jakim u\u017cytkownik uzyskuje dost\u0119p do danych osobowych os\u00f3b trzecich.<\/p>\n<p>Korzystanie z Aplikacji w spos\u00f3b naruszaj\u0105cy obowi\u0105zuj\u0105ce przepisy prawa, w szczeg\u00f3lno\u015bci prawa autorskie, znaki towarowe, tajemnice handlowe lub jakiekolwiek inne prawa w\u0142asno\u015bci intelektualnej nale\u017c\u0105ce do GROUPE ATLANTIC lub os\u00f3b trzecich, lub naruszaj\u0105cy prywatno\u015b\u0107 (w tym dane osobowe) lub jakiekolwiek inne prawa osobiste os\u00f3b trzecich, jest zabronione.<\/p>\n<p>Naruszenie lub pr\u00f3ba naruszenia bezpiecze\u0144stwa Aplikacji, testowanie technicznej podatno\u015bci Aplikacji lub pr\u00f3ba zak\u0142\u00f3cenia dost\u0119pu do Aplikacji lub us\u0142ug oferowanych w Aplikacji s\u0105 zabronione.<\/p>\n<p>U\u017cywanie oprogramowania maj\u0105cego na celu zmian\u0119 wygl\u0105du Aplikacji jest zabronione.<\/p>\n<h3>Prawa, zobowi\u0105zania, gwarancje i obowi\u0105zki Sp\u00f3\u0142ki<\/h3>\n<p>GROUPE ATLANTIC dok\u0142ada wszelkich stara\u0144, aby informacje zawarte w Aplikacji by\u0142y jak najdok\u0142adniejsze. Nie mo\u017ce jednak ponosi\u0107 odpowiedzialno\u015bci za pomini\u0119cia, nie\u015bcis\u0142o\u015bci i niedoci\u0105gni\u0119cia w Aplikacji.<\/p>\n<p>Wszystkie informacje podane w Aplikacji maj\u0105 charakter wy\u0142\u0105cznie orientacyjny i mog\u0105 ulec zmianie. Ponadto informacje podane w Aplikacji nie s\u0105 wyczerpuj\u0105ce. Podano je z zastrze\u017ceniem wszelkich zmian wprowadzonych od czasu ich opublikowania w Internecie.<\/p>\n<p>GROUPE ATLANTIC nie ponosi odpowiedzialno\u015bci za bezpo\u015brednie lub po\u015brednie konsekwencje, jakiegokolwiek rodzaju, korzystania z Aplikacji. W szczeg\u00f3lno\u015bci zastrzega si\u0119, \u017ce dane dotycz\u0105ce zu\u017cycia s\u0105 jedynie szacunkowe. GROUPE ATLANTIC nie ponosi odpowiedzialno\u015bci za niedok\u0142adno\u015b\u0107 tych szacunk\u00f3w.<\/p>\n<p>GROUPE ATLANTIC nie ponosi odpowiedzialno\u015bci za jakiekolwiek koszty poniesione w zwi\u0105zku z korzystaniem z Aplikacji (po\u0142\u0105czenie internetowe, koszty po\u0142\u0105cze\u0144 telefonicznych itp.).<\/p>\n<p>GROUPE ATLANTIC zastrzega sobie prawo, bez powiadomienia i wed\u0142ug w\u0142asnego uznania, do zamkni\u0119cia, zablokowania, zmiany lub usuni\u0119cia konta jednego lub wi\u0119kszej liczby U\u017cytkownik\u00f3w oraz do ograniczenia i\/lub zakazania dost\u0119pu do Aplikacji jednemu lub wi\u0119kszej liczbie U\u017cytkownik\u00f3w.<\/p>\n<p>GROUPE ATLANTIC nie gwarantuje, \u017ce Aplikacja jest w pe\u0142ni skuteczna lub bezpieczna i nie ponosi odpowiedzialno\u015bci za jakiekolwiek szkody, straty lub inne konsekwencje spowodowane problemami zwi\u0105zanymi ze skuteczno\u015bci\u0105 lub bezpiecze\u0144stwem Aplikacji. GROUPE ATLANTIC nie ponosi odpowiedzialno\u015bci za jakiekolwiek problemy lub przyczyny, kt\u00f3re mo\u017cna przypisa\u0107 lub kt\u00f3rych nie mo\u017cna przypisa\u0107 GROUPE ATLANTIC, a kt\u00f3re utrudniaj\u0105 nawigacj\u0119 w Aplikacji, ca\u0142kowicie lub cz\u0119\u015bciowo uniemo\u017cliwiaj\u0105 dost\u0119p do Aplikacji lub umo\u017cliwiaj\u0105 jednemu lub wi\u0119kszej liczbie U\u017cytkownik\u00f3w o z\u0142ych intencjach dost\u0119p do danych osobowych lub konta (kont) jednego lub wi\u0119kszej liczby U\u017cytkownik\u00f3w.<\/p>\n<p>GROUPE ATLANTIC zastrzega sobie prawo do tymczasowego lub sta\u0142ego zamkni\u0119cia Aplikacji w dowolnym momencie bez powiadomienia, wed\u0142ug w\u0142asnego uznania, i nie ponosi odpowiedzialno\u015bci za bezpo\u015brednie lub po\u015brednie konsekwencje spowodowane zamkni\u0119ciem Aplikacji.<\/p>\n<h3>W\u0142asno\u015b\u0107 intelektualna<\/h3>\n<p>Znaki towarowe, logo i oznaczenia Aplikacji s\u0105 chronione przez francuski kodeks w\u0142asno\u015bci intelektualnej, a w szczeg\u00f3lno\u015bci przez prawo autorskie.<\/p>\n<p>Sprzeda\u017c, modyfikacja, powielanie, kopiowanie, dystrybucja lub jakiekolwiek inne wykorzystanie tre\u015bci Aplikacji do cel\u00f3w publicznych lub komercyjnych jest zabronione bez wyra\u017anej zgody GROUPE ATLANTIC.<\/p>\n<p>Korzystanie z tre\u015bci Aplikacji w innej witrynie internetowej lub intranetowej w jakimkolwiek celu lub z jakiegokolwiek powodu jest zabronione bez uprzedniej pisemnej zgody GROUPE ATLANTIC.<\/p>\n<h3>Prywatno\u015b\u0107 i poufno\u015b\u0107<\/h3>\n<h3>Jakie dane osobowe s\u0105 gromadzone?<\/h3>\n<p>GROUPE ATLANTIC gromadzi nast\u0119puj\u0105ce informacje:<\/p>\n<ul>\n<li>Informacje dotycz\u0105ce tworzenia konta klienta<\/li>\n<li>Informacje z urz\u0105dze\u0144 pod\u0142\u0105czonych do konta COZYTOUCH<\/li>\n<\/ul>\n<h3><strong>Informacje dotycz\u0105ce tworzenia konta klienta<\/strong><\/h3>\n<p>Po zainstalowaniu aplikacji COZYTOUCH na tablecie lub smartfonie u\u017cytkownik zostanie poproszony o wprowadzenie nast\u0119puj\u0105cych informacji:<\/p>\n<ul>\n<li>e-mail;<\/li>\n<li>adres pocztowy;<\/li>\n<li>specyfikacje domu (powierzchnia, wykorzystywane \u017ar\u00f3d\u0142o energii itp.).<\/li>\n<\/ul>\n<p>Informacje te zostan\u0105 nast\u0119pnie w\u0142\u0105czone do profilu u\u017cytkownika, do kt\u00f3rego mo\u017cna uzyska\u0107 dost\u0119p za pomoc\u0105 wprowadzonego loginu i has\u0142a.<\/p>\n<p>Wprowadzone informacje maj\u0105 dwa cele:<\/p>\n<ul>\n<li>dzia\u0142anie funkcji COZYTOUCH, takich jak na przyk\u0142ad wy\u015bwietlanie danych o pogodzie lub jako\u015bci powietrza w mie\u015bcie;<\/li>\n<li>zrozumienie \u015brodowiska, w kt\u00f3rym u\u017cywane s\u0105 produkty marek Edesa, Atlantic i Thermor, co pozwala nam poprawi\u0107 ich wydajno\u015b\u0107 ciepln\u0105 i cechy aplikacji.<\/li>\n<\/ul>\n<h3><strong>Informacje z urz\u0105dze\u0144 pod\u0142\u0105czonych do konta Cozytouch<\/strong><\/h3>\n<p>R\u00f3\u017cne urz\u0105dzenia pod\u0142\u0105czone do COZYTOUCH maj\u0105 funkcje, kt\u00f3re zbieraj\u0105 informacje, takie jak:<\/p>\n<ul>\n<li>temperatur\u0119 w domu;<\/li>\n<li>szacowane zu\u017cycie energii;<\/li>\n<li>ustawienia pod\u0142\u0105czonych urz\u0105dze\u0144 (funkcja w\u0142\u0105czania\/wy\u0142\u0105czania, nastawy temperatury, harmonogramy ogrzewania itp;)<\/li>\n<li>dane geolokalizacyjne z telefonu kom\u00f3rkowego.<\/li>\n<\/ul>\n<p>&nbsp;<\/p>\n<p>Informacje te, kt\u00f3re mo\u017cna przegl\u0105da\u0107, s\u0105 niezb\u0119dne, aby umo\u017cliwi\u0107 korzystanie z r\u00f3\u017cnych funkcji COZYTOUCH i zoptymalizowa\u0107 komfort termiczny poprzez dost\u0119p do r\u00f3\u017cnych funkcji urz\u0105dze\u0144 Edesa, Atlantic i Thermor.<\/p>\n<p>Mo\u017cesz wybra\u0107, czy chcesz aktywowa\u0107 okre\u015blone funkcje.<\/p>\n<h3>Jakie prawa przys\u0142uguj\u0105 u\u017cytkownikowi w odniesieniu do jego danych osobowych?<\/h3>\n<p>Jako u\u017cytkownik us\u0142ug COZYTOUCH masz prawo:<\/p>\n<ul>\n<li>za\u017c\u0105da\u0107 usuni\u0119cia przetwarzanych danych dotycz\u0105cych u\u017cytkownika z naszych plik\u00f3w. Je\u015bli u\u017cytkownik skorzysta z prawa do bycia zapomnianym i ma dost\u0119p do strefy klienta na stronie internetowej, dost\u0119p ten zostanie zawieszony, a login u\u017cytkownika zostanie usuni\u0119ty z naszych plik\u00f3w. Nie mo\u017cemy usun\u0105\u0107 danych u\u017cytkownika, gdy zam\u00f3wienie nie zosta\u0142o jeszcze zrealizowane lub istnieje sp\u00f3r mi\u0119dzy u\u017cytkownikiem a nami lub, bardziej og\u00f3lnie, gdy potrzebujemy danych u\u017cytkownika do wykonania umowy lub wype\u0142nienia jednego z naszych zobowi\u0105za\u0144;<\/li>\n<\/ul>\n<p>&nbsp;<\/p>\n<ul>\n<li>wniesienia sprzeciwu wobec gromadzenia i przetwarzania danych dotycz\u0105cych u\u017cytkownika, gdy nie s\u0105 one bezwzgl\u0119dnie konieczne;<\/li>\n<li>dost\u0119pu do zgromadzonych danych dotycz\u0105cych u\u017cytkownika i otrzymywania ich w powszechnie u\u017cywanym formacie nadaj\u0105cym si\u0119 do odczytu maszynowego;<\/li>\n<li>uzyskania sprostowania danych dotycz\u0105cych u\u017cytkownika;<\/li>\n<li>\u017c\u0105dania ograniczenia przetwarzania danych dotycz\u0105cych u\u017cytkownika - na przyk\u0142ad poprzez odmow\u0119 ich wykorzystania do cel\u00f3w akwizycyjnych.<\/li>\n<\/ul>\n<p>Z praw tych mo\u017cna skorzysta\u0107, kontaktuj\u0105c si\u0119 z nami:<\/p>\n<ul>\n<li>Poczt\u0105 elektroniczn\u0105: <a href=\"mailto:dpo@groupe-atlantic.com\">dpo@groupe-atlantic.com<\/a><\/li>\n<li>Poczt\u0105 (wraz z kopi\u0105 dokumentu to\u017csamo\u015bci w przypadku korzystania z przys\u0142uguj\u0105cych praw) na poni\u017cszy adres:<\/li>\n<\/ul>\n<p>GROUPE ATLANTIC<\/p>\n<p>Do wiadomo\u015bci inspektora ochrony danych (DPO)<\/p>\n<p>44 boulevard des Etats-Unis<\/p>\n<p>85000 La Roche-sur-Yon<\/p>\n<p>FRANCJA<\/p>\n<p>U\u017cytkownik ma r\u00f3wnie\u017c prawo do wniesienia skargi do organu nadzorczego i skorzystania z s\u0105dowego \u015brodka ochrony prawnej, w szczeg\u00f3lno\u015bci w przypadku niepodj\u0119cia \u017cadnych dzia\u0142a\u0144 w zwi\u0105zku z jego wnioskami o skorzystanie z przys\u0142uguj\u0105cych mu praw w terminie jednego miesi\u0105ca od ich z\u0142o\u017cenia.<\/p>\n<h3>Jak d\u0142ugo przechowujemy dane u\u017cytkownika?<\/h3>\n<p>Dane osobowe w profilu u\u017cytkownika b\u0119d\u0105 przechowywane do momentu usuni\u0119cia konta COZYTOUCH. Po usuni\u0119ciu konta przechowujemy tylko informacje operacyjne z produkt\u00f3w, kt\u00f3re zosta\u0142y sparowane z mostkiem COZYTOUCH, znane jako informacje techniczne.<\/p>\n<p>Informacje techniczne s\u0105 anonimizowane i przechowywane przez czas nieokre\u015blony w celu (i) zapewnienia ci\u0105g\u0142o\u015bci us\u0142ug w przypadku ponownego utworzenia konta przy u\u017cyciu numeru mostka COZYTOUCH oraz (ii) umo\u017cliwienia nam usprawnienia dzia\u0142ania naszych urz\u0105dze\u0144.<\/p>\n<h3>Gdzie przechowujemy dane osobowe u\u017cytkownik\u00f3w?<\/h3>\n<p>Przetwarzanie danych osobowych przez GROUPE ATLANTIC odbywa si\u0119 w centrach danych hostowanych w Unii Europejskiej.<\/p>\n<p>Je\u015bli dane osobowe s\u0105 przekazywane sp\u00f3\u0142kom Groupe Atlantic lub podmiotom przetwarzaj\u0105cym dane poza Uni\u0105 Europejsk\u0105, GROUPE ATLANTIC zobowi\u0105zuje si\u0119 zapewni\u0107, \u017ce odbiorcy ci b\u0119d\u0105 przestrzega\u0107 przepis\u00f3w rozporz\u0105dzenia (UE) 2016\/679.<\/p>\n<h3>Jakie s\u0105 nasze obowi\u0105zki dotycz\u0105ce danych osobowych u\u017cytkownik\u00f3w?<\/h3>\n<p>GROUPE ATLANTIC podejmuje wszelkie uzasadnione \u015brodki niezb\u0119dne do ochrony przetwarzanych danych osobowych (lub potencjalnie osobowych) przed nieuprawnionym dost\u0119pem, wykorzystaniem, modyfikacj\u0105 lub zniszczeniem.<\/p>\n<p>Podj\u0119li\u015bmy zobowi\u0105zania dotycz\u0105ce bezpiecze\u0144stwa naszych us\u0142ug i wdro\u017cyli\u015bmy fizyczne, administracyjne i techniczne \u015brodki maj\u0105ce na celu zapobieganie nieautoryzowanemu dost\u0119powi do danych u\u017cytkownika. Nasze zasady bezpiecze\u0144stwa obejmuj\u0105 zarz\u0105dzanie bezpiecze\u0144stwem operacji wewn\u0119trznych i naszych us\u0142ug. Zasady te reguluj\u0105 wszystkie obszary bezpiecze\u0144stwa maj\u0105ce zastosowanie do us\u0142ug i maj\u0105 zastosowanie do wszystkich pracownik\u00f3w GROUPE ATLANTIC, a tak\u017ce naszych us\u0142ugodawc\u00f3w i podwykonawc\u00f3w, kt\u00f3rzy musz\u0105 mie\u0107 dost\u0119p do tych danych.<\/p>\n<p>Je\u015bli ustalimy, \u017ce dane u\u017cytkownika zosta\u0142y sprzeniewierzone lub w inny spos\u00f3b b\u0142\u0119dnie pozyskane przez stron\u0119 trzeci\u0105, jak najszybciej poinformujemy o tym zar\u00f3wno u\u017cytkownika, jak i organ nadzorczy (CNIL we Francji).<\/p>\n<h3>W jaki spos\u00f3b wykorzystywane s\u0105 informacje?<\/h3>\n<p><strong>Wykorzystanie danych przez GROUPE ATLANTIC<\/strong><\/p>\n<p>Dane osobowe u\u017cytkownika wykorzystujemy wy\u0142\u0105cznie do cel\u00f3w zwi\u0105zanych z prowadzeniem konta COZYTOUCH. Zobowi\u0105zujemy si\u0119 nigdy nie sprzedawa\u0107 ich bez zgody u\u017cytkownika.<\/p>\n<p>Za zgod\u0105 u\u017cytkownika wyra\u017con\u0105 podczas tworzenia konta mo\u017cemy u\u017cywa\u0107 jego adresu e-mail, aby informowa\u0107 go o naszych ofertach, przekazywa\u0107 informacje o nowych funkcjach i produktach, pyta\u0107 o opini\u0119 lub po prostu informowa\u0107 o nowo\u015bciach i ofertach marek GROUPE ATLANTIC. Mo\u017cemy r\u00f3wnie\u017c przesy\u0142a\u0107 informacje o produktach Atlantic, Thermor i Edesa lub aplikacji COZYTOUCH (nowe funkcje, samouczki itp.).<\/p>\n<p>Je\u015bli u\u017cytkownik nie chce ju\u017c otrzymywa\u0107 tych informacji, mo\u017ce wycofa\u0107 swoj\u0105 zgod\u0119, przechodz\u0105c do swojego osobistego obszaru COZYTOUCH.<\/p>\n<p>Pozosta\u0142e informacje techniczne dotycz\u0105ce w szczeg\u00f3lno\u015bci ustawie\u0144 urz\u0105dze\u0144 u\u017cytkownika s\u0105 wykorzystywane do cel\u00f3w analitycznych, aby ulepsza\u0107 nasze urz\u0105dzenia i aplikacj\u0119 COZYTOUCH oraz oferowa\u0107 u\u017cytkownikowi nowe, innowacyjne us\u0142ugi.<\/p>\n<p>W zwi\u0105zku z tym GROUPE ATLANTIC przetwarza dane osobowe na nast\u0119puj\u0105cych podstawach prawnych:<\/p>\n<ul>\n<li>gdy u\u017cytkownik wyrazi\u0142 zgod\u0119 na przetwarzanie przez nas jego danych osobowych, lub<\/li>\n<li>ze wzgl\u0119du na uzasadniony interes GROUPE ATLANTIC w przetwarzaniu Twoich danych osobowych (je\u015bli GROUPE ATLANTIC ma uzasadniony, proporcjonalny i nie ingeruj\u0105cy w Twoj\u0105 prywatno\u015b\u0107 interes w przetwarzaniu Twoich danych) lub<\/li>\n<li>w ramach przetwarzania danych osobowych, kt\u00f3re jest obowi\u0105zkowe zgodnie z przepisami prawa.<\/li>\n<\/ul>\n<p>&nbsp;<\/p>\n<p><strong>Us\u0142ugi partnerskie w aplikacji<\/strong><\/p>\n<p>Aby\u015bmy mogli stale oferowa\u0107 wi\u0119cej funkcji, w aplikacji COZYTOUCH opracowali\u015bmy sekcj\u0119 \"Us\u0142ugi partnerskie\", do kt\u00f3rej mo\u017cna uzyska\u0107 dost\u0119p z menu aplikacji. Ta sekcja pozwala zdecydowa\u0107, czy chcesz samodzielnie aktywowa\u0107 us\u0142ug\u0119 partnersk\u0105, a tym samym wymienia\u0107 dane z partnerem i zaakceptowa\u0107 jego kart\u0119 poufno\u015bci.<\/p>\n<h3>W jaki spos\u00f3b gromadzone s\u0105 dane osobowe nieletnich?<\/h3>\n<p>Chocia\u017c GROUPE ATLANTIC nie gromadzi danych osobowych nieletnich, z niekt\u00f3rych us\u0142ug mog\u0105 korzysta\u0107 nieletni. W takim przypadku decyzja o tym, czy ich ma\u0142oletnie dziecko mo\u017ce korzysta\u0107 z us\u0142ug GROUPE ATLANTIC, nale\u017cy do rodzic\u00f3w lub innych os\u00f3b, na kt\u00f3rych spoczywa odpowiedzialno\u015b\u0107 rodzicielska.<\/p>\n<h3>Jurysdykcja<\/h3>\n<p>Niniejsze warunki u\u017cytkowania s\u0105 regulowane, interpretowane i stosowane zgodnie z prawem francuskim.<\/p>\n<p>S\u0105dy francuskie w okr\u0119gu, w kt\u00f3rym znajduje si\u0119 siedziba Sp\u00f3\u0142ki, maj\u0105 wy\u0142\u0105czn\u0105 jurysdykcj\u0119 do rozpatrywania wszelkich spor\u00f3w dotycz\u0105cych niniejszych warunk\u00f3w u\u017cytkowania, w tym mi\u0119dzy innymi ich wa\u017cno\u015bci, interpretacji, wykonania i\/lub rozwi\u0105zania oraz ich konsekwencji.<\/p>","protected":false},"excerpt":{"rendered":"<p>General terms and conditions of use &#8211; Cozytouch THERMOR, ATLANTIC,  [&#8230;]<\/p>\n","protected":false},"author":3,"featured_media":0,"parent":0,"menu_order":0,"comment_status":"closed","ping_status":"closed","template":"","meta":{"footnotes":""},"class_list":["post-3817","page","type-page","status-publish","hentry"],"yoast_head":"<!-- This site is optimized with the Yoast SEO plugin v27.3 - https:\/\/yoast.com\/product\/yoast-seo-wordpress\/ -->\n<title>General terms and conditions - Cozytouch<\/title>\n<meta name=\"robots\" content=\"index, follow, max-snippet:-1, max-image-preview:large, max-video-preview:-1\" \/>\n<link rel=\"canonical\" href=\"https:\/\/cozytouch-app.com\/pl\/general-conditions\/\" \/>\n<meta property=\"og:locale\" content=\"pl_PL\" \/>\n<meta property=\"og:type\" content=\"article\" \/>\n<meta property=\"og:title\" content=\"General terms and conditions - Cozytouch\" \/>\n<meta property=\"og:description\" content=\"General terms and conditions of use &#8211; Cozytouch THERMOR, ATLANTIC, [...]\" \/>\n<meta property=\"og:url\" content=\"https:\/\/cozytouch-app.com\/pl\/general-conditions\/\" \/>\n<meta property=\"og:site_name\" content=\"Cozytouch\" \/>\n<meta property=\"article:modified_time\" content=\"2019-11-08T13:14:30+00:00\" \/>\n<meta name=\"twitter:card\" content=\"summary_large_image\" \/>\n<meta name=\"twitter:label1\" content=\"Szacowany czas czytania\" \/>\n\t<meta name=\"twitter:data1\" content=\"12 minut\" \/>\n<script type=\"application\/ld+json\" class=\"yoast-schema-graph\">{\"@context\":\"https:\\\/\\\/schema.org\",\"@graph\":[{\"@type\":\"WebPage\",\"@id\":\"https:\\\/\\\/cozytouch-app.com\\\/general-conditions\\\/\",\"url\":\"https:\\\/\\\/cozytouch-app.com\\\/general-conditions\\\/\",\"name\":\"General terms and conditions - Cozytouch\",\"isPartOf\":{\"@id\":\"https:\\\/\\\/cozytouch-app.com\\\/#website\"},\"datePublished\":\"2019-11-08T09:56:09+00:00\",\"dateModified\":\"2019-11-08T13:14:30+00:00\",\"breadcrumb\":{\"@id\":\"https:\\\/\\\/cozytouch-app.com\\\/general-conditions\\\/#breadcrumb\"},\"inLanguage\":\"pl-PL\",\"potentialAction\":[{\"@type\":\"ReadAction\",\"target\":[\"https:\\\/\\\/cozytouch-app.com\\\/general-conditions\\\/\"]}]},{\"@type\":\"BreadcrumbList\",\"@id\":\"https:\\\/\\\/cozytouch-app.com\\\/general-conditions\\\/#breadcrumb\",\"itemListElement\":[{\"@type\":\"ListItem\",\"position\":1,\"name\":\"Home\",\"item\":\"https:\\\/\\\/cozytouch-app.com\\\/\"},{\"@type\":\"ListItem\",\"position\":2,\"name\":\"General terms and conditions\"}]},{\"@type\":\"WebSite\",\"@id\":\"https:\\\/\\\/cozytouch-app.com\\\/#website\",\"url\":\"https:\\\/\\\/cozytouch-app.com\\\/\",\"name\":\"Cozytouch\",\"description\":\"\",\"potentialAction\":[{\"@type\":\"SearchAction\",\"target\":{\"@type\":\"EntryPoint\",\"urlTemplate\":\"https:\\\/\\\/cozytouch-app.com\\\/?s={search_term_string}\"},\"query-input\":{\"@type\":\"PropertyValueSpecification\",\"valueRequired\":true,\"valueName\":\"search_term_string\"}}],\"inLanguage\":\"pl-PL\"}]}<\/script>\n<!-- \/ Yoast SEO plugin. -->","yoast_head_json":{"title":"General terms and conditions - Cozytouch","robots":{"index":"index","follow":"follow","max-snippet":"max-snippet:-1","max-image-preview":"max-image-preview:large","max-video-preview":"max-video-preview:-1"},"canonical":"https:\/\/cozytouch-app.com\/pl\/general-conditions\/","og_locale":"pl_PL","og_type":"article","og_title":"General terms and conditions - Cozytouch","og_description":"General terms and conditions of use &#8211; Cozytouch THERMOR, ATLANTIC, [...]","og_url":"https:\/\/cozytouch-app.com\/pl\/general-conditions\/","og_site_name":"Cozytouch","article_modified_time":"2019-11-08T13:14:30+00:00","twitter_card":"summary_large_image","twitter_misc":{"Szacowany czas czytania":"12 minut"},"schema":{"@context":"https:\/\/schema.org","@graph":[{"@type":"WebPage","@id":"https:\/\/cozytouch-app.com\/general-conditions\/","url":"https:\/\/cozytouch-app.com\/general-conditions\/","name":"General terms and conditions - Cozytouch","isPartOf":{"@id":"https:\/\/cozytouch-app.com\/#website"},"datePublished":"2019-11-08T09:56:09+00:00","dateModified":"2019-11-08T13:14:30+00:00","breadcrumb":{"@id":"https:\/\/cozytouch-app.com\/general-conditions\/#breadcrumb"},"inLanguage":"pl-PL","potentialAction":[{"@type":"ReadAction","target":["https:\/\/cozytouch-app.com\/general-conditions\/"]}]},{"@type":"BreadcrumbList","@id":"https:\/\/cozytouch-app.com\/general-conditions\/#breadcrumb","itemListElement":[{"@type":"ListItem","position":1,"name":"Home","item":"https:\/\/cozytouch-app.com\/"},{"@type":"ListItem","position":2,"name":"General terms and conditions"}]},{"@type":"WebSite","@id":"https:\/\/cozytouch-app.com\/#website","url":"https:\/\/cozytouch-app.com\/","name":"Cozytouch","description":"","potentialAction":[{"@type":"SearchAction","target":{"@type":"EntryPoint","urlTemplate":"https:\/\/cozytouch-app.com\/?s={search_term_string}"},"query-input":{"@type":"PropertyValueSpecification","valueRequired":true,"valueName":"search_term_string"}}],"inLanguage":"pl-PL"}]}},"_links":{"self":[{"href":"https:\/\/cozytouch-app.com\/pl\/wp-json\/wp\/v2\/pages\/3817","targetHints":{"allow":["GET"]}}],"collection":[{"href":"https:\/\/cozytouch-app.com\/pl\/wp-json\/wp\/v2\/pages"}],"about":[{"href":"https:\/\/cozytouch-app.com\/pl\/wp-json\/wp\/v2\/types\/page"}],"author":[{"embeddable":true,"href":"https:\/\/cozytouch-app.com\/pl\/wp-json\/wp\/v2\/users\/3"}],"replies":[{"embeddable":true,"href":"https:\/\/cozytouch-app.com\/pl\/wp-json\/wp\/v2\/comments?post=3817"}],"version-history":[{"count":4,"href":"https:\/\/cozytouch-app.com\/pl\/wp-json\/wp\/v2\/pages\/3817\/revisions"}],"predecessor-version":[{"id":3821,"href":"https:\/\/cozytouch-app.com\/pl\/wp-json\/wp\/v2\/pages\/3817\/revisions\/3821"}],"wp:attachment":[{"href":"https:\/\/cozytouch-app.com\/pl\/wp-json\/wp\/v2\/media?parent=3817"}],"curies":[{"name":"wp","href":"https:\/\/api.w.org\/{rel}","templated":true}]}}